{"id":282,"date":"2021-07-02T05:38:21","date_gmt":"2021-07-02T05:38:21","guid":{"rendered":"https:\/\/agenturreuter.com\/?page_id=282"},"modified":"2026-02-13T15:39:43","modified_gmt":"2026-02-13T15:39:43","slug":"impressum","status":"publish","type":"page","link":"https:\/\/agenturreuter.com\/en\/impressum\/","title":{"rendered":"imprint"},"content":{"rendered":"<div data-elementor-type=\"wp-page\" data-elementor-id=\"282\" class=\"elementor elementor-282\">\n\t\t\t\t\t\t\t<div class=\"elementor-element elementor-element-4f6f288 e-flex e-con-boxed e-con e-parent\" data-id=\"4f6f288\" data-element_type=\"container\" data-settings=\"{&quot;background_background&quot;:&quot;classic&quot;,&quot;content_width&quot;:&quot;boxed&quot;,&quot;_ha_eqh_enable&quot;:false}\" data-core-v316-plus=\"true\">\n\t\t\t\t\t<div class=\"e-con-inner\">\n\t\t<div class=\"elementor-element elementor-element-ea61267 e-con-full e-flex e-con e-child\" data-id=\"ea61267\" data-element_type=\"container\" data-settings=\"{&quot;content_width&quot;:&quot;full&quot;,&quot;_ha_eqh_enable&quot;:false}\">\n\t\t\t\t<div class=\"elementor-element elementor-element-635d337 elementor-widget elementor-widget-heading\" data-id=\"635d337\" data-element_type=\"widget\" data-widget_type=\"heading.default\">\n\t\t\t\t<div class=\"elementor-widget-container\">\n\t\t\t<h2 class=\"elementor-heading-title elementor-size-default\">imprint<\/h2>\t\t<\/div>\n\t\t\t\t<\/div>\n\t\t\t\t<\/div>\n\t\t<div class=\"elementor-element elementor-element-55a3521 e-con-full e-flex e-con e-child\" data-id=\"55a3521\" data-element_type=\"container\" data-settings=\"{&quot;content_width&quot;:&quot;full&quot;,&quot;_ha_eqh_enable&quot;:false}\">\n\t\t\t\t<div class=\"elementor-element elementor-element-6c4641f elementor-widget elementor-widget-heading\" data-id=\"6c4641f\" data-element_type=\"widget\" data-widget_type=\"heading.default\">\n\t\t\t\t<div class=\"elementor-widget-container\">\n\t\t\t<h2 class=\"elementor-heading-title elementor-size-default\">Reuter UG<br>\nDesign & Marketingtransfer<\/h2>\t\t<\/div>\n\t\t\t\t<\/div>\n\t\t\t\t<div class=\"elementor-element elementor-element-9fd08a1 elementor-icon-list--layout-traditional elementor-list-item-link-full_width elementor-widget elementor-widget-icon-list\" data-id=\"9fd08a1\" data-element_type=\"widget\" data-widget_type=\"icon-list.default\">\n\t\t\t\t<div class=\"elementor-widget-container\">\n\t\t\t\t\t<ul class=\"elementor-icon-list-items\">\n\t\t\t\t\t\t\t<li class=\"elementor-icon-list-item\">\n\t\t\t\t\t\t\t\t\t\t\t<a href=\"tel: 08293 6727\">\n\n\t\t\t\t\t\t\t\t\t\t\t<span class=\"elementor-icon-list-text\">T +49 (0) 171 3658108<\/span>\n\t\t\t\t\t\t\t\t\t\t\t<\/a>\n\t\t\t\t\t\t\t\t\t<\/li>\n\t\t\t\t\t\t\t\t<li class=\"elementor-icon-list-item\">\n\t\t\t\t\t\t\t\t\t\t\t<a href=\"mailto:info@agenturreuter.de\">\n\n\t\t\t\t\t\t\t\t\t\t\t<span class=\"elementor-icon-list-text\">info@agenturreuter.de<\/span>\n\t\t\t\t\t\t\t\t\t\t\t<\/a>\n\t\t\t\t\t\t\t\t\t<\/li>\n\t\t\t\t\t\t<\/ul>\n\t\t\t\t<\/div>\n\t\t\t\t<\/div>\n\t\t\t\t<div class=\"elementor-element elementor-element-04cfbe9 elementor-icon-list--layout-traditional elementor-list-item-link-full_width elementor-widget elementor-widget-icon-list\" data-id=\"04cfbe9\" data-element_type=\"widget\" data-widget_type=\"icon-list.default\">\n\t\t\t\t<div class=\"elementor-widget-container\">\n\t\t\t\t\t<ul class=\"elementor-icon-list-items\">\n\t\t\t\t\t\t\t<li class=\"elementor-icon-list-item\">\n\t\t\t\t\t\t\t\t\t\t\t<a href=\"https:\/\/www.google.com\/maps\/place\/Agentur+Reuter+GbR\/@48.3674845,10.8798285,17z\/data=!3m1!4b1!4m5!3m4!1s0x479ebd4bada2fff1:0xe6cc6e22292376a!8m2!3d48.3674851!4d10.8819858\" target=\"_blank\">\n\n\t\t\t\t\t\t\t\t\t\t\t<span class=\"elementor-icon-list-text\">Ginsterweg 6 \u2013 86486 Bonstetten<\/span>\n\t\t\t\t\t\t\t\t\t\t\t<\/a>\n\t\t\t\t\t\t\t\t\t<\/li>\n\t\t\t\t\t\t<\/ul>\n\t\t\t\t<\/div>\n\t\t\t\t<\/div>\n\t\t\t\t<div class=\"elementor-element elementor-element-e27066c elementor-widget elementor-widget-text-editor\" data-id=\"e27066c\" data-element_type=\"widget\" data-widget_type=\"text-editor.default\">\n\t\t\t\t<div class=\"elementor-widget-container\">\n\t\t\t\t\t\t\t<p align=\"left\"><span style=\"font-family: Calibri, sans-serif;\">Reuter UG wird vertreten durch: Dieter Reuter, Gesch\u00e4ftsf\u00fchrer<\/span><\/p><p align=\"left\"><span style=\"font-family: Calibri, sans-serif;\">Registergericht: Amtsgericht Augsburg<br \/>Handelsregister Registernummer: HRB 42109<\/span><\/p><p><span style=\"font-family: Calibri, sans-serif;\">R\u00e4umlicher Geltungsbereich: Alle Betriebsst\u00e4tten innerhalb der Bundesrepublik Deutschland<\/span><\/p><p align=\"left\"><span style=\"font-family: Calibri, sans-serif;\">Umsatzsteuer-Identifikationsnummer gem\u00e4\u00df \u00a7 27a Umsatzsteuergesetz: DE459559193<\/span><\/p>\t\t\t\t\t\t<\/div>\n\t\t\t\t<\/div>\n\t\t\t\t<\/div>\n\t\t\t\t\t<\/div>\n\t\t\t\t<\/div>\n\t\t\t\t\t\t\t<\/div>","protected":false},"excerpt":{"rendered":"<p>Impressum Reuter UG Design &#038; Marketingtransfer T +49 (0) 171 3658108 info@agenturreuter.de Ginsterweg 6 \u2013 86486 Bonstetten Reuter UG wird vertreten durch: Dieter Reuter, Gesch\u00e4ftsf\u00fchrer Registergericht: Amtsgericht AugsburgHandelsregister Registernummer: HRB 42109 R\u00e4umlicher Geltungsbereich: Alle Betriebsst\u00e4tten innerhalb der Bundesrepublik Deutschland Umsatzsteuer-Identifikationsnummer gem\u00e4\u00df \u00a7 27a Umsatzsteuergesetz: DE459559193<\/p>","protected":false},"author":1,"featured_media":0,"parent":0,"menu_order":0,"comment_status":"closed","ping_status":"closed","template":"","meta":{"footnotes":""},"class_list":["post-282","page","type-page","status-publish","hentry","entry"],"_links":{"self":[{"href":"https:\/\/agenturreuter.com\/en\/wp-json\/wp\/v2\/pages\/282","targetHints":{"allow":["GET"]}}],"collection":[{"href":"https:\/\/agenturreuter.com\/en\/wp-json\/wp\/v2\/pages"}],"about":[{"href":"https:\/\/agenturreuter.com\/en\/wp-json\/wp\/v2\/types\/page"}],"author":[{"embeddable":true,"href":"https:\/\/agenturreuter.com\/en\/wp-json\/wp\/v2\/users\/1"}],"replies":[{"embeddable":true,"href":"https:\/\/agenturreuter.com\/en\/wp-json\/wp\/v2\/comments?post=282"}],"version-history":[{"count":64,"href":"https:\/\/agenturreuter.com\/en\/wp-json\/wp\/v2\/pages\/282\/revisions"}],"predecessor-version":[{"id":3581,"href":"https:\/\/agenturreuter.com\/en\/wp-json\/wp\/v2\/pages\/282\/revisions\/3581"}],"wp:attachment":[{"href":"https:\/\/agenturreuter.com\/en\/wp-json\/wp\/v2\/media?parent=282"}],"curies":[{"name":"wp","href":"https:\/\/api.w.org\/{rel}","templated":true}]}}