{"id":826,"date":"2022-05-10T07:56:58","date_gmt":"2022-05-10T07:56:58","guid":{"rendered":"https:\/\/agenturreuter.com\/?page_id=826"},"modified":"2023-09-15T10:27:33","modified_gmt":"2023-09-15T10:27:33","slug":"messe","status":"publish","type":"page","link":"https:\/\/agenturreuter.com\/en\/messe\/","title":{"rendered":"fair &amp; event"},"content":{"rendered":"<div data-elementor-type=\"wp-page\" data-elementor-id=\"826\" class=\"elementor elementor-826\">\n\t\t\t\t\t\t\t<div class=\"elementor-element elementor-element-cd55342 e-flex e-con-boxed e-con e-parent\" data-id=\"cd55342\" data-element_type=\"container\" data-settings=\"{&quot;background_background&quot;:&quot;classic&quot;,&quot;content_width&quot;:&quot;boxed&quot;,&quot;_ha_eqh_enable&quot;:false}\" data-core-v316-plus=\"true\">\n\t\t\t\t\t<div class=\"e-con-inner\">\n\t\t<div class=\"elementor-element elementor-element-81fa1ce e-con-full e-flex e-con e-child\" data-id=\"81fa1ce\" data-element_type=\"container\" data-settings=\"{&quot;content_width&quot;:&quot;full&quot;,&quot;_ha_eqh_enable&quot;:false}\">\n\t\t\t\t<div class=\"elementor-element elementor-element-7f845dc elementor-widget elementor-widget-text-editor\" data-id=\"7f845dc\" data-element_type=\"widget\" data-widget_type=\"text-editor.default\">\n\t\t\t\t<div class=\"elementor-widget-container\">\n\t\t\t\t\t\t\t<p>Konzeption | Design | Messebau<\/p>\t\t\t\t\t\t<\/div>\n\t\t\t\t<\/div>\n\t\t\t\t<div class=\"elementor-element elementor-element-8d2f834 elementor-widget elementor-widget-heading\" data-id=\"8d2f834\" data-element_type=\"widget\" data-widget_type=\"heading.default\">\n\t\t\t\t<div class=\"elementor-widget-container\">\n\t\t\t<h4 class=\"elementor-heading-title elementor-size-default\">Your brand<br> \nour ideas<br>\nyour place<\/h4>\t\t<\/div>\n\t\t\t\t<\/div>\n\t\t<div class=\"elementor-element elementor-element-c31f108 e-flex e-con-boxed e-con e-child\" data-id=\"c31f108\" data-element_type=\"container\" data-settings=\"{&quot;content_width&quot;:&quot;boxed&quot;,&quot;_ha_eqh_enable&quot;:false}\">\n\t\t\t\t\t<div class=\"e-con-inner\">\n\t\t\t\t<div class=\"elementor-element elementor-element-a583ada elementor-widget elementor-widget-text-editor\" data-id=\"a583ada\" data-element_type=\"widget\" data-widget_type=\"text-editor.default\">\n\t\t\t\t<div class=\"elementor-widget-container\">\n\t\t\t\t\t\t\t<p>We plan and create exhibition stands, store design both with all common modular systems, as well as individual customer solutions. The success of your appearance is our ambition. We offer full service from planning, production, construction to organization, decoration, dismantling, transport and storage. We plan individual appearances for tender or for the further processing of your fair, store construction. Thus you receive innovation with constant service to best price, performance results. We bring together what belongs together. We also take care of all the details. Continuous project support from the first meeting to photo-realistic 3D planning.<\/p>\t\t\t\t\t\t<\/div>\n\t\t\t\t<\/div>\n\t\t<div class=\"elementor-element elementor-element-5351dc3 e-flex e-con-boxed e-con e-child\" data-id=\"5351dc3\" data-element_type=\"container\" data-settings=\"{&quot;content_width&quot;:&quot;boxed&quot;,&quot;_ha_eqh_enable&quot;:false}\">\n\t\t\t\t\t<div class=\"e-con-inner\">\n\t\t\t\t<div class=\"elementor-element elementor-element-5d9b354 elementor-widget elementor-widget-image\" data-id=\"5d9b354\" data-element_type=\"widget\" data-widget_type=\"image.default\">\n\t\t\t\t<div class=\"elementor-widget-container\">\n\t\t\t\t\t\t\t\t\t\t\t\t\t\t\t\t<a href=\"https:\/\/agenturreuter.com\/wp-content\/uploads\/2023\/09\/3D-Visualisierung-Agentur-Reuter.jpg\" data-elementor-open-lightbox=\"yes\" data-elementor-lightbox-title=\"3D Visualisierung Agentur Reuter\" data-e-action-hash=\"#elementor-action%3Aaction%3Dlightbox%26settings%3DeyJpZCI6MzUyNSwidXJsIjoiaHR0cHM6XC9cL2FnZW50dXJyZXV0ZXIuY29tXC93cC1jb250ZW50XC91cGxvYWRzXC8yMDIzXC8wOVwvM0QtVmlzdWFsaXNpZXJ1bmctQWdlbnR1ci1SZXV0ZXIuanBnIn0%3D\">\n\t\t\t\t\t\t\t<img fetchpriority=\"high\" decoding=\"async\" width=\"1500\" height=\"543\" src=\"https:\/\/agenturreuter.com\/wp-content\/uploads\/2023\/09\/3D-Visualisierung-Agentur-Reuter.jpg\" class=\"attachment-full size-full wp-image-3525\" alt=\"\" srcset=\"https:\/\/agenturreuter.com\/wp-content\/uploads\/2023\/09\/3D-Visualisierung-Agentur-Reuter.jpg 1500w, https:\/\/agenturreuter.com\/wp-content\/uploads\/2023\/09\/3D-Visualisierung-Agentur-Reuter-300x109.jpg 300w, https:\/\/agenturreuter.com\/wp-content\/uploads\/2023\/09\/3D-Visualisierung-Agentur-Reuter-1024x371.jpg 1024w, https:\/\/agenturreuter.com\/wp-content\/uploads\/2023\/09\/3D-Visualisierung-Agentur-Reuter-768x278.jpg 768w, https:\/\/agenturreuter.com\/wp-content\/uploads\/2023\/09\/3D-Visualisierung-Agentur-Reuter-18x7.jpg 18w\" sizes=\"(max-width: 1500px) 100vw, 1500px\" \/>\t\t\t\t\t\t\t\t<\/a>\n\t\t\t\t\t\t\t\t\t\t\t\t\t\t\t<\/div>\n\t\t\t\t<\/div>\n\t\t\t\t\t<\/div>\n\t\t\t\t<\/div>\n\t\t\t\t\t<\/div>\n\t\t\t\t<\/div>\n\t\t\t\t<div class=\"elementor-element elementor-element-e9c2245 elementor-widget elementor-widget-image-carousel\" data-id=\"e9c2245\" data-element_type=\"widget\" data-settings=\"{&quot;slides_to_show&quot;:&quot;3&quot;,&quot;slides_to_scroll&quot;:&quot;1&quot;,&quot;navigation&quot;:&quot;none&quot;,&quot;lazyload&quot;:&quot;yes&quot;,&quot;autoplay_speed&quot;:0,&quot;speed&quot;:7000,&quot;slides_to_show_mobile&quot;:&quot;1&quot;,&quot;autoplay&quot;:&quot;yes&quot;,&quot;pause_on_hover&quot;:&quot;yes&quot;,&quot;pause_on_interaction&quot;:&quot;yes&quot;,&quot;infinite&quot;:&quot;yes&quot;,&quot;image_spacing_custom&quot;:{&quot;unit&quot;:&quot;px&quot;,&quot;size&quot;:20,&quot;sizes&quot;:[]},&quot;image_spacing_custom_tablet&quot;:{&quot;unit&quot;:&quot;px&quot;,&quot;size&quot;:&quot;&quot;,&quot;sizes&quot;:[]}}\" data-widget_type=\"image-carousel.default\">\n\t\t\t\t<div class=\"elementor-widget-container\">\n\t\t\t\t\t<div class=\"elementor-image-carousel-wrapper swiper-container\" dir=\"rtl\">\n\t\t\t<div class=\"elementor-image-carousel swiper-wrapper\" aria-live=\"off\">\n\t\t\t\t\t\t\t\t<div class=\"swiper-slide\" role=\"group\" aria-roledescription=\"slide\" aria-label=\"1 of 10\"><a data-elementor-open-lightbox=\"yes\" data-elementor-lightbox-slideshow=\"e9c2245\" data-elementor-lightbox-title=\"design-Language-2\" data-e-action-hash=\"#elementor-action%3Aaction%3Dlightbox%26settings%3DeyJpZCI6MzQ4OCwidXJsIjoiaHR0cHM6XC9cL2FnZW50dXJyZXV0ZXIuY29tXC93cC1jb250ZW50XC91cGxvYWRzXC8yMDIzXC8wOVwvZGVzaWduLUxhbmd1YWdlLTItMy5qcGciLCJzbGlkZXNob3ciOiJlOWMyMjQ1In0%3D\" href=\"https:\/\/agenturreuter.com\/wp-content\/uploads\/2023\/09\/design-Language-2-3.jpg\"><figure class=\"swiper-slide-inner\"><img class=\"swiper-slide-image swiper-lazy\" data-src=\"https:\/\/agenturreuter.com\/wp-content\/uploads\/2023\/09\/design-Language-2-3-768x298.jpg\" alt=\"design-Language-2\" \/><div class=\"swiper-lazy-preloader\"><\/div><\/figure><\/a><\/div><div class=\"swiper-slide\" role=\"group\" aria-roledescription=\"slide\" aria-label=\"2 of 10\"><a data-elementor-open-lightbox=\"yes\" data-elementor-lightbox-slideshow=\"e9c2245\" data-elementor-lightbox-title=\"design-Language-1\" data-e-action-hash=\"#elementor-action%3Aaction%3Dlightbox%26settings%3DeyJpZCI6MzQ4NywidXJsIjoiaHR0cHM6XC9cL2FnZW50dXJyZXV0ZXIuY29tXC93cC1jb250ZW50XC91cGxvYWRzXC8yMDIzXC8wOVwvZGVzaWduLUxhbmd1YWdlLTEtMy5qcGciLCJzbGlkZXNob3ciOiJlOWMyMjQ1In0%3D\" href=\"https:\/\/agenturreuter.com\/wp-content\/uploads\/2023\/09\/design-Language-1-3.jpg\"><figure class=\"swiper-slide-inner\"><img class=\"swiper-slide-image swiper-lazy\" data-src=\"https:\/\/agenturreuter.com\/wp-content\/uploads\/2023\/09\/design-Language-1-3-768x298.jpg\" alt=\"design-Language-1\" \/><div class=\"swiper-lazy-preloader\"><\/div><\/figure><\/a><\/div><div class=\"swiper-slide\" role=\"group\" aria-roledescription=\"slide\" aria-label=\"3 of 10\"><a data-elementor-open-lightbox=\"yes\" data-elementor-lightbox-slideshow=\"e9c2245\" data-elementor-lightbox-title=\"Saphire-3\" data-e-action-hash=\"#elementor-action%3Aaction%3Dlightbox%26settings%3DeyJpZCI6MzUwNSwidXJsIjoiaHR0cHM6XC9cL2FnZW50dXJyZXV0ZXIuY29tXC93cC1jb250ZW50XC91cGxvYWRzXC8yMDIzXC8wOVwvU2FwaGlyZS0zLTEuanBnIiwic2xpZGVzaG93IjoiZTljMjI0NSJ9\" href=\"https:\/\/agenturreuter.com\/wp-content\/uploads\/2023\/09\/Saphire-3-1.jpg\"><figure class=\"swiper-slide-inner\"><img class=\"swiper-slide-image swiper-lazy\" data-src=\"https:\/\/agenturreuter.com\/wp-content\/uploads\/2023\/09\/Saphire-3-1-768x298.jpg\" alt=\"Saphire-3\" \/><div class=\"swiper-lazy-preloader\"><\/div><\/figure><\/a><\/div><div class=\"swiper-slide\" role=\"group\" aria-roledescription=\"slide\" aria-label=\"4 of 10\"><a data-elementor-open-lightbox=\"yes\" data-elementor-lightbox-slideshow=\"e9c2245\" data-elementor-lightbox-title=\"Saphire\" data-e-action-hash=\"#elementor-action%3Aaction%3Dlightbox%26settings%3DeyJpZCI6MzQ5NSwidXJsIjoiaHR0cHM6XC9cL2FnZW50dXJyZXV0ZXIuY29tXC93cC1jb250ZW50XC91cGxvYWRzXC8yMDIzXC8wOVwvU2FwaGlyZS0zLmpwZyIsInNsaWRlc2hvdyI6ImU5YzIyNDUifQ%3D%3D\" href=\"https:\/\/agenturreuter.com\/wp-content\/uploads\/2023\/09\/Saphire-3.jpg\"><figure class=\"swiper-slide-inner\"><img class=\"swiper-slide-image swiper-lazy\" data-src=\"https:\/\/agenturreuter.com\/wp-content\/uploads\/2023\/09\/Saphire-3-768x298.jpg\" alt=\"Saphire\" \/><div class=\"swiper-lazy-preloader\"><\/div><\/figure><\/a><\/div><div class=\"swiper-slide\" role=\"group\" aria-roledescription=\"slide\" aria-label=\"5 of 10\"><a data-elementor-open-lightbox=\"yes\" data-elementor-lightbox-slideshow=\"e9c2245\" data-elementor-lightbox-title=\"Saphire-2\" data-e-action-hash=\"#elementor-action%3Aaction%3Dlightbox%26settings%3DeyJpZCI6MzUwMSwidXJsIjoiaHR0cHM6XC9cL2FnZW50dXJyZXV0ZXIuY29tXC93cC1jb250ZW50XC91cGxvYWRzXC8yMDIzXC8wOVwvU2FwaGlyZS0yLTEuanBnIiwic2xpZGVzaG93IjoiZTljMjI0NSJ9\" href=\"https:\/\/agenturreuter.com\/wp-content\/uploads\/2023\/09\/Saphire-2-1.jpg\"><figure class=\"swiper-slide-inner\"><img class=\"swiper-slide-image swiper-lazy\" data-src=\"https:\/\/agenturreuter.com\/wp-content\/uploads\/2023\/09\/Saphire-2-1-768x298.jpg\" alt=\"Saphire-2\" \/><div class=\"swiper-lazy-preloader\"><\/div><\/figure><\/a><\/div><div class=\"swiper-slide\" role=\"group\" aria-roledescription=\"slide\" aria-label=\"6 of 10\"><a data-elementor-open-lightbox=\"yes\" data-elementor-lightbox-slideshow=\"e9c2245\" data-elementor-lightbox-title=\"Brenner-Showroom\" data-e-action-hash=\"#elementor-action%3Aaction%3Dlightbox%26settings%3DeyJpZCI6MzQ5NywidXJsIjoiaHR0cHM6XC9cL2FnZW50dXJyZXV0ZXIuY29tXC93cC1jb250ZW50XC91cGxvYWRzXC8yMDIzXC8wOVwvQnJlbm5lci1TaG93cm9vbS0zLmpwZyIsInNsaWRlc2hvdyI6ImU5YzIyNDUifQ%3D%3D\" href=\"https:\/\/agenturreuter.com\/wp-content\/uploads\/2023\/09\/Brenner-Showroom-3.jpg\"><figure class=\"swiper-slide-inner\"><img class=\"swiper-slide-image swiper-lazy\" data-src=\"https:\/\/agenturreuter.com\/wp-content\/uploads\/2023\/09\/Brenner-Showroom-3-768x298.jpg\" alt=\"Brenner-Showroom\" \/><div class=\"swiper-lazy-preloader\"><\/div><\/figure><\/a><\/div><div class=\"swiper-slide\" role=\"group\" aria-roledescription=\"slide\" aria-label=\"7 of 10\"><a data-elementor-open-lightbox=\"yes\" data-elementor-lightbox-slideshow=\"e9c2245\" data-elementor-lightbox-title=\"Sanaz-Ameri\" data-e-action-hash=\"#elementor-action%3Aaction%3Dlightbox%26settings%3DeyJpZCI6MzUwOSwidXJsIjoiaHR0cHM6XC9cL2FnZW50dXJyZXV0ZXIuY29tXC93cC1jb250ZW50XC91cGxvYWRzXC8yMDIzXC8wOVwvU2FuYXotQW1lcmkuanBnIiwic2xpZGVzaG93IjoiZTljMjI0NSJ9\" href=\"https:\/\/agenturreuter.com\/wp-content\/uploads\/2023\/09\/Sanaz-Ameri.jpg\"><figure class=\"swiper-slide-inner\"><img class=\"swiper-slide-image swiper-lazy\" data-src=\"https:\/\/agenturreuter.com\/wp-content\/uploads\/2023\/09\/Sanaz-Ameri-768x298.jpg\" alt=\"Sanaz-Ameri\" \/><div class=\"swiper-lazy-preloader\"><\/div><\/figure><\/a><\/div><div class=\"swiper-slide\" role=\"group\" aria-roledescription=\"slide\" aria-label=\"8 of 10\"><a data-elementor-open-lightbox=\"yes\" data-elementor-lightbox-slideshow=\"e9c2245\" data-elementor-lightbox-title=\"Lucky\" data-e-action-hash=\"#elementor-action%3Aaction%3Dlightbox%26settings%3DeyJpZCI6MzUxNSwidXJsIjoiaHR0cHM6XC9cL2FnZW50dXJyZXV0ZXIuY29tXC93cC1jb250ZW50XC91cGxvYWRzXC8yMDIzXC8wOVwvTHVja3kuanBnIiwic2xpZGVzaG93IjoiZTljMjI0NSJ9\" href=\"https:\/\/agenturreuter.com\/wp-content\/uploads\/2023\/09\/Lucky.jpg\"><figure class=\"swiper-slide-inner\"><img class=\"swiper-slide-image swiper-lazy\" data-src=\"https:\/\/agenturreuter.com\/wp-content\/uploads\/2023\/09\/Lucky-768x298.jpg\" alt=\"Lucky\" \/><div class=\"swiper-lazy-preloader\"><\/div><\/figure><\/a><\/div><div class=\"swiper-slide\" role=\"group\" aria-roledescription=\"slide\" aria-label=\"9 of 10\"><a data-elementor-open-lightbox=\"yes\" data-elementor-lightbox-slideshow=\"e9c2245\" data-elementor-lightbox-title=\"Sadaqat-Limited-1\" data-e-action-hash=\"#elementor-action%3Aaction%3Dlightbox%26settings%3DeyJpZCI6MzUyMiwidXJsIjoiaHR0cHM6XC9cL2FnZW50dXJyZXV0ZXIuY29tXC93cC1jb250ZW50XC91cGxvYWRzXC8yMDIzXC8wOVwvU2FkYXFhdC1MaW1pdGVkLTEuanBnIiwic2xpZGVzaG93IjoiZTljMjI0NSJ9\" href=\"https:\/\/agenturreuter.com\/wp-content\/uploads\/2023\/09\/Sadaqat-Limited-1.jpg\"><figure class=\"swiper-slide-inner\"><img class=\"swiper-slide-image swiper-lazy\" data-src=\"https:\/\/agenturreuter.com\/wp-content\/uploads\/2023\/09\/Sadaqat-Limited-1-768x298.jpg\" alt=\"Sadaqat-Limited-1\" \/><div class=\"swiper-lazy-preloader\"><\/div><\/figure><\/a><\/div><div class=\"swiper-slide\" role=\"group\" aria-roledescription=\"slide\" aria-label=\"10 of 10\"><a data-elementor-open-lightbox=\"yes\" data-elementor-lightbox-slideshow=\"e9c2245\" data-elementor-lightbox-title=\"Sadaqat-Limited-2\" data-e-action-hash=\"#elementor-action%3Aaction%3Dlightbox%26settings%3DeyJpZCI6MzUyMywidXJsIjoiaHR0cHM6XC9cL2FnZW50dXJyZXV0ZXIuY29tXC93cC1jb250ZW50XC91cGxvYWRzXC8yMDIzXC8wOVwvU2FkYXFhdC1MaW1pdGVkLTIuanBnIiwic2xpZGVzaG93IjoiZTljMjI0NSJ9\" href=\"https:\/\/agenturreuter.com\/wp-content\/uploads\/2023\/09\/Sadaqat-Limited-2.jpg\"><figure class=\"swiper-slide-inner\"><img class=\"swiper-slide-image swiper-lazy\" data-src=\"https:\/\/agenturreuter.com\/wp-content\/uploads\/2023\/09\/Sadaqat-Limited-2-768x298.jpg\" alt=\"Sadaqat-Limited-2\" \/><div class=\"swiper-lazy-preloader\"><\/div><\/figure><\/a><\/div>\t\t\t<\/div>\n\t\t\t\t\t\t\t\n\t\t\t\t\t\t\t\t\t<\/div>\n\t\t\t\t<\/div>\n\t\t\t\t<\/div>\n\t\t\t\t<\/div>\n\t\t\t\t\t<\/div>\n\t\t\t\t<\/div>\n\t\t<div class=\"elementor-element elementor-element-aa6b703 e-flex e-con-boxed e-con e-parent\" data-id=\"aa6b703\" data-element_type=\"container\" data-settings=\"{&quot;content_width&quot;:&quot;boxed&quot;,&quot;_ha_eqh_enable&quot;:false}\" data-core-v316-plus=\"true\">\n\t\t\t\t\t<div class=\"e-con-inner\">\n\t\t<div class=\"elementor-element elementor-element-1784107 e-flex e-con-boxed e-con e-child\" data-id=\"1784107\" data-element_type=\"container\" data-settings=\"{&quot;content_width&quot;:&quot;boxed&quot;,&quot;_ha_eqh_enable&quot;:false}\">\n\t\t\t\t\t<div class=\"e-con-inner\">\n\t\t\t\t<div class=\"elementor-element elementor-element-154f4fd elementor-widget elementor-widget-text-editor\" data-id=\"154f4fd\" data-element_type=\"widget\" data-widget_type=\"text-editor.default\">\n\t\t\t\t<div class=\"elementor-widget-container\">\n\t\t\t\t\t\t\t<p><strong>Unser Partner:<\/strong> \u00a0Messestand Komplettbau \u2013 alles aus einer Hand<\/p>\t\t\t\t\t\t<\/div>\n\t\t\t\t<\/div>\n\t\t\t\t\t<\/div>\n\t\t\t\t<\/div>\n\t\t\t\t<div class=\"elementor-element elementor-element-585ff82 elementor-widget elementor-widget-image\" data-id=\"585ff82\" data-element_type=\"widget\" data-widget_type=\"image.default\">\n\t\t\t\t<div class=\"elementor-widget-container\">\n\t\t\t\t\t\t\t\t\t\t\t\t\t\t\t<img decoding=\"async\" width=\"1024\" height=\"724\" src=\"https:\/\/agenturreuter.com\/wp-content\/uploads\/2023\/09\/jungbauten_logo_neu-1024x724.png\" class=\"attachment-large size-large wp-image-3422\" alt=\"\" srcset=\"https:\/\/agenturreuter.com\/wp-content\/uploads\/2023\/09\/jungbauten_logo_neu-1024x724.png 1024w, https:\/\/agenturreuter.com\/wp-content\/uploads\/2023\/09\/jungbauten_logo_neu-300x212.png 300w, https:\/\/agenturreuter.com\/wp-content\/uploads\/2023\/09\/jungbauten_logo_neu-768x543.png 768w, https:\/\/agenturreuter.com\/wp-content\/uploads\/2023\/09\/jungbauten_logo_neu-1536x1086.png 1536w, https:\/\/agenturreuter.com\/wp-content\/uploads\/2023\/09\/jungbauten_logo_neu-2048x1448.png 2048w, https:\/\/agenturreuter.com\/wp-content\/uploads\/2023\/09\/jungbauten_logo_neu-18x12.png 18w\" sizes=\"(max-width: 1024px) 100vw, 1024px\" \/>\t\t\t\t\t\t\t\t\t\t\t\t\t\t\t<\/div>\n\t\t\t\t<\/div>\n\t\t\t\t\t<\/div>\n\t\t\t\t<\/div>\n\t\t<div class=\"elementor-element elementor-element-53a800f e-flex e-con-boxed e-con e-parent\" data-id=\"53a800f\" data-element_type=\"container\" data-settings=\"{&quot;background_background&quot;:&quot;classic&quot;,&quot;content_width&quot;:&quot;boxed&quot;,&quot;_ha_eqh_enable&quot;:false}\" data-core-v316-plus=\"true\">\n\t\t\t\t\t<div class=\"e-con-inner\">\n\t\t<div class=\"elementor-element elementor-element-eef8e23 e-con-full e-flex e-con e-child\" data-id=\"eef8e23\" data-element_type=\"container\" data-settings=\"{&quot;content_width&quot;:&quot;full&quot;,&quot;_ha_eqh_enable&quot;:false}\">\n\t\t\t\t<div class=\"elementor-element elementor-element-19928d8 elementor-widget elementor-widget-text-editor\" data-id=\"19928d8\" data-element_type=\"widget\" data-widget_type=\"text-editor.default\">\n\t\t\t\t<div class=\"elementor-widget-container\">\n\t\t\t\t\t\t\t<p>Trade fair and store design as a \ncommunication platform<\/p>\t\t\t\t\t\t<\/div>\n\t\t\t\t<\/div>\n\t\t\t\t<div class=\"elementor-element elementor-element-0b2cb0c elementor-widget elementor-widget-heading\" data-id=\"0b2cb0c\" data-element_type=\"widget\" data-widget_type=\"heading.default\">\n\t\t\t\t<div class=\"elementor-widget-container\">\n\t\t\t<h4 class=\"elementor-heading-title elementor-size-default\">'make it happen'<\/h4>\t\t<\/div>\n\t\t\t\t<\/div>\n\t\t\t\t<div class=\"elementor-element elementor-element-239b0da elementor-widget elementor-widget-video\" data-id=\"239b0da\" data-element_type=\"widget\" data-settings=\"{&quot;video_type&quot;:&quot;hosted&quot;,&quot;controls&quot;:&quot;yes&quot;}\" data-widget_type=\"video.default\">\n\t\t\t\t<div class=\"elementor-widget-container\">\n\t\t\t\t\t<div class=\"e-hosted-video elementor-wrapper elementor-open-inline\">\n\t\t\t\t\t<video class=\"elementor-video\" src=\"https:\/\/agenturreuter.com\/wp-content\/uploads\/2023\/05\/Heimtex-21.mp4\" controls=\"\" preload=\"metadata\" controlslist=\"nodownload\" poster=\"https:\/\/agenturreuter.com\/wp-content\/uploads\/2023\/02\/Sadaqad_23_DSC_0094-Kopie-1.jpg\"><\/video>\n\t\t\t\t<\/div>\n\t\t\t\t<\/div>\n\t\t\t\t<\/div>\n\t\t\t\t<\/div>\n\t\t\t\t\t<\/div>\n\t\t\t\t<\/div>\n\t\t\t\t\t\t\t<\/div>","protected":false},"excerpt":{"rendered":"<p>Konzeption | Design | Messebau Ihre Marke unsere Ideen Ihr Raum Wir planen und erstellen Messest\u00e4nde, Shopdesign sowohl mit allen g\u00e4ngigen Modularsystemen, als auch individuelle Kundenl\u00f6sungen. Der Erfolg Ihres Auftritts ist unser Ziel. Wir bieten Ihnen Full Service von der Planung, Herstellung u\u0308ber den Aufbau bis hin zur Organisation, Dekoration, Abbau, Transport und Lagerung. Wir [&hellip;]<\/p>","protected":false},"author":1,"featured_media":0,"parent":0,"menu_order":0,"comment_status":"closed","ping_status":"closed","template":"","meta":{"footnotes":""},"class_list":["post-826","page","type-page","status-publish","hentry","entry"],"_links":{"self":[{"href":"https:\/\/agenturreuter.com\/en\/wp-json\/wp\/v2\/pages\/826","targetHints":{"allow":["GET"]}}],"collection":[{"href":"https:\/\/agenturreuter.com\/en\/wp-json\/wp\/v2\/pages"}],"about":[{"href":"https:\/\/agenturreuter.com\/en\/wp-json\/wp\/v2\/types\/page"}],"author":[{"embeddable":true,"href":"https:\/\/agenturreuter.com\/en\/wp-json\/wp\/v2\/users\/1"}],"replies":[{"embeddable":true,"href":"https:\/\/agenturreuter.com\/en\/wp-json\/wp\/v2\/comments?post=826"}],"version-history":[{"count":198,"href":"https:\/\/agenturreuter.com\/en\/wp-json\/wp\/v2\/pages\/826\/revisions"}],"predecessor-version":[{"id":3546,"href":"https:\/\/agenturreuter.com\/en\/wp-json\/wp\/v2\/pages\/826\/revisions\/3546"}],"wp:attachment":[{"href":"https:\/\/agenturreuter.com\/en\/wp-json\/wp\/v2\/media?parent=826"}],"curies":[{"name":"wp","href":"https:\/\/api.w.org\/{rel}","templated":true}]}}